{"id":7,"date":"2024-11-07T12:17:54","date_gmt":"2024-11-07T11:17:54","guid":{"rendered":"https:\/\/lapandafamily.fr\/?page_id=7"},"modified":"2024-11-26T17:25:51","modified_gmt":"2024-11-26T16:25:51","slug":"accueil","status":"publish","type":"page","link":"https:\/\/lapandafamily.fr\/","title":{"rendered":"Accueil"},"content":{"rendered":"\t\t<div data-elementor-type=\"wp-page\" data-elementor-id=\"7\" class=\"elementor elementor-7\" data-elementor-post-type=\"page\">\n\t\t\t\t\t\t<section class=\"elementor-section elementor-top-section elementor-element elementor-element-93a3584 elementor-section-boxed elementor-section-height-default elementor-section-height-default\" data-id=\"93a3584\" data-element_type=\"section\" data-settings=\"{&quot;jet_parallax_layout_list&quot;:[]}\">\n\t\t\t\t\t\t<div class=\"elementor-container elementor-column-gap-default\">\n\t\t\t\t\t<div class=\"elementor-column elementor-col-100 elementor-top-column elementor-element elementor-element-9da3667\" data-id=\"9da3667\" data-element_type=\"column\">\n\t\t\t<div class=\"elementor-widget-wrap elementor-element-populated\">\n\t\t\t\t\t\t<div class=\"elementor-element elementor-element-fa48745 elementor-widget elementor-widget-heading\" data-id=\"fa48745\" data-element_type=\"widget\" data-widget_type=\"heading.default\">\n\t\t\t\t<div class=\"elementor-widget-container\">\n\t\t\t<h2 class=\"elementor-heading-title elementor-size-default\">La cr\u00e9ativit\u00e9 et la performance <br>au service de vos projets.<\/h2>\t\t<\/div>\n\t\t\t\t<\/div>\n\t\t\t\t\t<\/div>\n\t\t<\/div>\n\t\t\t\t\t<\/div>\n\t\t<\/section>\n\t\t\t\t<section class=\"elementor-section elementor-top-section elementor-element elementor-element-be4b2f4 elementor-section-boxed elementor-section-height-default elementor-section-height-default\" data-id=\"be4b2f4\" data-element_type=\"section\" data-settings=\"{&quot;jet_parallax_layout_list&quot;:[]}\">\n\t\t\t\t\t\t<div class=\"elementor-container elementor-column-gap-default\">\n\t\t\t\t\t<div class=\"elementor-column elementor-col-50 elementor-top-column elementor-element elementor-element-40e1374\" data-id=\"40e1374\" data-element_type=\"column\" data-settings=\"{&quot;background_background&quot;:&quot;classic&quot;}\">\n\t\t\t<div class=\"elementor-widget-wrap elementor-element-populated\">\n\t\t\t\t\t\t<div class=\"elementor-element elementor-element-eb5edb1 elementor-widget elementor-widget-image\" data-id=\"eb5edb1\" data-element_type=\"widget\" data-widget_type=\"image.default\">\n\t\t\t\t<div class=\"elementor-widget-container\">\n\t\t\t\t\t\t\t\t\t\t\t\t\t<img fetchpriority=\"high\" decoding=\"async\" width=\"512\" height=\"343\" src=\"https:\/\/lapandafamily.fr\/wp-content\/uploads\/2024\/11\/logo-avicom.png\" class=\"attachment-large size-large wp-image-29\" alt=\"\" srcset=\"https:\/\/lapandafamily.fr\/wp-content\/uploads\/2024\/11\/logo-avicom.png 512w, https:\/\/lapandafamily.fr\/wp-content\/uploads\/2024\/11\/logo-avicom-300x201.png 300w\" sizes=\"(max-width: 512px) 100vw, 512px\" \/>\t\t\t\t\t\t\t\t\t\t\t\t\t<\/div>\n\t\t\t\t<\/div>\n\t\t\t\t<div class=\"elementor-element elementor-element-b60209a elementor-widget elementor-widget-text-editor\" data-id=\"b60209a\" data-element_type=\"widget\" data-widget_type=\"text-editor.default\">\n\t\t\t\t<div class=\"elementor-widget-container\">\n\t\t\t\t\t\t\t<p>AVICOM&rsquo;, \u00e9galement connue sous le nom d&rsquo;\u00ab\u202fagence des pandas\u202f\u00bb, est une agence de communication 360 bas\u00e9e \u00e0 Lyon, Paris et Grenoble.<\/p><p>Depuis le 11 novembre 2011, elle offre une gamme compl\u00e8te de services incluant le conseil strat\u00e9gique, la communication globale, le print, le graphisme, le digital et le d\u00e9veloppement web.<\/p><p>L&rsquo;\u00e9quipe d&rsquo;AVICOM&rsquo; met sa cr\u00e9ativit\u00e9 au service des entreprises pour \u00e9laborer des strat\u00e9gies de communication innovantes et personnalis\u00e9es.<\/p>\t\t\t\t\t\t<\/div>\n\t\t\t\t<\/div>\n\t\t\t\t<div class=\"elementor-element elementor-element-8c8235a elementor-align-center elementor-widget elementor-widget-button\" data-id=\"8c8235a\" data-element_type=\"widget\" data-widget_type=\"button.default\">\n\t\t\t\t<div class=\"elementor-widget-container\">\n\t\t\t\t\t\t\t<div class=\"elementor-button-wrapper\">\n\t\t\t\t\t<a class=\"elementor-button elementor-button-link elementor-size-sm\" href=\"http:\/\/avicom.fr\">\n\t\t\t\t\t\t<span class=\"elementor-button-content-wrapper\">\n\t\t\t\t\t\t\t\t\t<span class=\"elementor-button-text\">En savoir plus<\/span>\n\t\t\t\t\t<\/span>\n\t\t\t\t\t<\/a>\n\t\t\t\t<\/div>\n\t\t\t\t\t\t<\/div>\n\t\t\t\t<\/div>\n\t\t\t\t<div class=\"elementor-element elementor-element-bcdc9c2 elementor-shape-rounded elementor-grid-0 e-grid-align-center elementor-widget elementor-widget-social-icons\" data-id=\"bcdc9c2\" data-element_type=\"widget\" data-widget_type=\"social-icons.default\">\n\t\t\t\t<div class=\"elementor-widget-container\">\n\t\t\t\t\t<div class=\"elementor-social-icons-wrapper elementor-grid\">\n\t\t\t\t\t\t\t<span class=\"elementor-grid-item\">\n\t\t\t\t\t<a class=\"elementor-icon elementor-social-icon elementor-social-icon-instagram elementor-repeater-item-993ef04\" href=\"https:\/\/www.instagram.com\/agence_avicom\/\" target=\"_blank\">\n\t\t\t\t\t\t<span class=\"elementor-screen-only\">Instagram<\/span>\n\t\t\t\t\t\t<i class=\"fab fa-instagram\"><\/i>\t\t\t\t\t<\/a>\n\t\t\t\t<\/span>\n\t\t\t\t\t\t\t<span class=\"elementor-grid-item\">\n\t\t\t\t\t<a class=\"elementor-icon elementor-social-icon elementor-social-icon-linkedin elementor-repeater-item-a229ff5\" href=\"https:\/\/www.linkedin.com\/company\/avicom&#039;\" target=\"_blank\">\n\t\t\t\t\t\t<span class=\"elementor-screen-only\">Linkedin<\/span>\n\t\t\t\t\t\t<i class=\"fab fa-linkedin\"><\/i>\t\t\t\t\t<\/a>\n\t\t\t\t<\/span>\n\t\t\t\t\t<\/div>\n\t\t\t\t<\/div>\n\t\t\t\t<\/div>\n\t\t\t\t<div class=\"elementor-element elementor-element-4502159 elementor-shape-rounded elementor-grid-0 e-grid-align-center elementor-widget elementor-widget-social-icons\" data-id=\"4502159\" data-element_type=\"widget\" data-widget_type=\"social-icons.default\">\n\t\t\t\t<div class=\"elementor-widget-container\">\n\t\t\t\t\t<div class=\"elementor-social-icons-wrapper elementor-grid\">\n\t\t\t\t\t\t\t<span class=\"elementor-grid-item\">\n\t\t\t\t\t<a class=\"elementor-icon elementor-social-icon elementor-social-icon-instagram elementor-repeater-item-993ef04\" target=\"_blank\">\n\t\t\t\t\t\t<span class=\"elementor-screen-only\">Instagram<\/span>\n\t\t\t\t\t\t<i class=\"fab fa-instagram\"><\/i>\t\t\t\t\t<\/a>\n\t\t\t\t<\/span>\n\t\t\t\t\t\t\t<span class=\"elementor-grid-item\">\n\t\t\t\t\t<a class=\"elementor-icon elementor-social-icon elementor-social-icon-twitter elementor-repeater-item-a229ff5\" target=\"_blank\">\n\t\t\t\t\t\t<span class=\"elementor-screen-only\">Twitter<\/span>\n\t\t\t\t\t\t<i class=\"fab fa-twitter\"><\/i>\t\t\t\t\t<\/a>\n\t\t\t\t<\/span>\n\t\t\t\t\t\t\t<span class=\"elementor-grid-item\">\n\t\t\t\t\t<a class=\"elementor-icon elementor-social-icon elementor-social-icon-google-plus-g elementor-repeater-item-a1c64d4\" target=\"_blank\">\n\t\t\t\t\t\t<span class=\"elementor-screen-only\">Google-plus-g<\/span>\n\t\t\t\t\t\t<i class=\"fab fa-google-plus-g\"><\/i>\t\t\t\t\t<\/a>\n\t\t\t\t<\/span>\n\t\t\t\t\t\t\t<span class=\"elementor-grid-item\">\n\t\t\t\t\t<a class=\"elementor-icon elementor-social-icon elementor-social-icon-pinterest elementor-repeater-item-f4f16ac\" target=\"_blank\">\n\t\t\t\t\t\t<span class=\"elementor-screen-only\">Pinterest<\/span>\n\t\t\t\t\t\t<i class=\"fab fa-pinterest\"><\/i>\t\t\t\t\t<\/a>\n\t\t\t\t<\/span>\n\t\t\t\t\t<\/div>\n\t\t\t\t<\/div>\n\t\t\t\t<\/div>\n\t\t\t\t\t<\/div>\n\t\t<\/div>\n\t\t\t\t<div class=\"elementor-column elementor-col-50 elementor-top-column elementor-element elementor-element-a4fb630\" data-id=\"a4fb630\" data-element_type=\"column\" data-settings=\"{&quot;background_background&quot;:&quot;classic&quot;}\">\n\t\t\t<div class=\"elementor-widget-wrap elementor-element-populated\">\n\t\t\t\t\t\t<div class=\"elementor-element elementor-element-0bbf028 elementor-widget elementor-widget-image\" data-id=\"0bbf028\" data-element_type=\"widget\" data-widget_type=\"image.default\">\n\t\t\t\t<div class=\"elementor-widget-container\">\n\t\t\t\t\t\t\t\t\t\t\t\t\t<img decoding=\"async\" width=\"800\" height=\"195\" src=\"https:\/\/lapandafamily.fr\/wp-content\/uploads\/2024\/11\/hREF-Logo-agence-editoriale-1024x250.png\" class=\"attachment-large size-large wp-image-30\" alt=\"\" srcset=\"https:\/\/lapandafamily.fr\/wp-content\/uploads\/2024\/11\/hREF-Logo-agence-editoriale-1024x250.png 1024w, https:\/\/lapandafamily.fr\/wp-content\/uploads\/2024\/11\/hREF-Logo-agence-editoriale-300x73.png 300w, https:\/\/lapandafamily.fr\/wp-content\/uploads\/2024\/11\/hREF-Logo-agence-editoriale-768x187.png 768w, https:\/\/lapandafamily.fr\/wp-content\/uploads\/2024\/11\/hREF-Logo-agence-editoriale-1536x375.png 1536w, https:\/\/lapandafamily.fr\/wp-content\/uploads\/2024\/11\/hREF-Logo-agence-editoriale-2048x500.png 2048w\" sizes=\"(max-width: 800px) 100vw, 800px\" \/>\t\t\t\t\t\t\t\t\t\t\t\t\t<\/div>\n\t\t\t\t<\/div>\n\t\t\t\t<div class=\"elementor-element elementor-element-0be3d39 elementor-widget elementor-widget-text-editor\" data-id=\"0be3d39\" data-element_type=\"widget\" data-widget_type=\"text-editor.default\">\n\t\t\t\t<div class=\"elementor-widget-container\">\n\t\t\t\t\t\t\t<p>hREF est une agence \u00e9ditoriale web sp\u00e9cialis\u00e9e dans le SEO, avec des \u00e9quipes \u00e0 Lyon, Paris et Grenoble.<\/p><p>Elle accompagne les entreprises dans l&rsquo;\u00e9laboration de strat\u00e9gies \u00e9ditoriales performantes, la r\u00e9daction de contenus optimis\u00e9s pour le r\u00e9f\u00e9rencement naturel, et la gestion de la mise en ligne de ces contenus.<\/p><p>L&rsquo;objectif de hREF est d&rsquo;aider ses clients \u00e0 am\u00e9liorer leur visibilit\u00e9 en ligne et \u00e0 asseoir leur patrimoine \u00e9ditorial.<\/p>\t\t\t\t\t\t<\/div>\n\t\t\t\t<\/div>\n\t\t\t\t<div class=\"elementor-element elementor-element-07a9a5b elementor-align-center elementor-widget elementor-widget-button\" data-id=\"07a9a5b\" data-element_type=\"widget\" data-widget_type=\"button.default\">\n\t\t\t\t<div class=\"elementor-widget-container\">\n\t\t\t\t\t\t\t<div class=\"elementor-button-wrapper\">\n\t\t\t\t\t<a class=\"elementor-button elementor-button-link elementor-size-sm\" href=\"http:\/\/href.fr\">\n\t\t\t\t\t\t<span class=\"elementor-button-content-wrapper\">\n\t\t\t\t\t\t\t\t\t<span class=\"elementor-button-text\">En savoir plus<\/span>\n\t\t\t\t\t<\/span>\n\t\t\t\t\t<\/a>\n\t\t\t\t<\/div>\n\t\t\t\t\t\t<\/div>\n\t\t\t\t<\/div>\n\t\t\t\t<div class=\"elementor-element elementor-element-381dcc0 elementor-shape-rounded elementor-grid-0 e-grid-align-center elementor-widget elementor-widget-social-icons\" data-id=\"381dcc0\" data-element_type=\"widget\" data-widget_type=\"social-icons.default\">\n\t\t\t\t<div class=\"elementor-widget-container\">\n\t\t\t\t\t<div class=\"elementor-social-icons-wrapper elementor-grid\">\n\t\t\t\t\t\t\t<span class=\"elementor-grid-item\">\n\t\t\t\t\t<a class=\"elementor-icon elementor-social-icon elementor-social-icon-instagram elementor-repeater-item-993ef04\" href=\"https:\/\/www.instagram.com\/agence_href\/\" target=\"_blank\">\n\t\t\t\t\t\t<span class=\"elementor-screen-only\">Instagram<\/span>\n\t\t\t\t\t\t<i class=\"fab fa-instagram\"><\/i>\t\t\t\t\t<\/a>\n\t\t\t\t<\/span>\n\t\t\t\t\t\t\t<span class=\"elementor-grid-item\">\n\t\t\t\t\t<a class=\"elementor-icon elementor-social-icon elementor-social-icon-linkedin elementor-repeater-item-a229ff5\" href=\"https:\/\/www.linkedin.com\/company\/href\/\" target=\"_blank\">\n\t\t\t\t\t\t<span class=\"elementor-screen-only\">Linkedin<\/span>\n\t\t\t\t\t\t<i class=\"fab fa-linkedin\"><\/i>\t\t\t\t\t<\/a>\n\t\t\t\t<\/span>\n\t\t\t\t\t<\/div>\n\t\t\t\t<\/div>\n\t\t\t\t<\/div>\n\t\t\t\t\t<\/div>\n\t\t<\/div>\n\t\t\t\t\t<\/div>\n\t\t<\/section>\n\t\t\t\t<\/div>\n\t\t","protected":false},"excerpt":{"rendered":"<p>La cr\u00e9ativit\u00e9 et la performance au service de vos projets. AVICOM&rsquo;, \u00e9galement connue sous le nom d&rsquo;\u00ab\u202fagence des pandas\u202f\u00bb, est une agence de communication 360 bas\u00e9e \u00e0 Lyon, Paris et Grenoble. Depuis le 11 novembre 2011, elle offre une gamme compl\u00e8te de services incluant le conseil strat\u00e9gique, la communication globale, le print, le graphisme, le [&hellip;]<\/p>\n","protected":false},"author":1,"featured_media":0,"parent":0,"menu_order":0,"comment_status":"closed","ping_status":"closed","template":"","meta":{"footnotes":""},"class_list":["post-7","page","type-page","status-publish","hentry"],"yoast_head":"<!-- This site is optimized with the Yoast SEO plugin v23.9 - https:\/\/yoast.com\/wordpress\/plugins\/seo\/ -->\n<title>Accueil - La Panda Family<\/title>\n<meta name=\"robots\" content=\"index, follow, max-snippet:-1, max-image-preview:large, max-video-preview:-1\" \/>\n<link rel=\"canonical\" href=\"https:\/\/lapandafamily.fr\/\" \/>\n<meta property=\"og:locale\" content=\"fr_FR\" \/>\n<meta property=\"og:type\" content=\"article\" \/>\n<meta property=\"og:title\" content=\"Accueil - La Panda Family\" \/>\n<meta property=\"og:description\" content=\"La cr\u00e9ativit\u00e9 et la performance au service de vos projets. AVICOM&rsquo;, \u00e9galement connue sous le nom d&rsquo;\u00ab\u202fagence des pandas\u202f\u00bb, est une agence de communication 360 bas\u00e9e \u00e0 Lyon, Paris et Grenoble. Depuis le 11 novembre 2011, elle offre une gamme compl\u00e8te de services incluant le conseil strat\u00e9gique, la communication globale, le print, le graphisme, le [&hellip;]\" \/>\n<meta property=\"og:url\" content=\"https:\/\/lapandafamily.fr\/\" \/>\n<meta property=\"og:site_name\" content=\"La Panda Family\" \/>\n<meta property=\"article:modified_time\" content=\"2024-11-26T16:25:51+00:00\" \/>\n<meta property=\"og:image\" content=\"https:\/\/lapandafamily.fr\/wp-content\/uploads\/2024\/11\/logo-avicom.png\" \/>\n\t<meta property=\"og:image:width\" content=\"512\" \/>\n\t<meta property=\"og:image:height\" content=\"343\" \/>\n\t<meta property=\"og:image:type\" content=\"image\/png\" \/>\n<meta name=\"twitter:card\" content=\"summary_large_image\" \/>\n<meta name=\"twitter:label1\" content=\"Dur\u00e9e de lecture estim\u00e9e\" \/>\n\t<meta name=\"twitter:data1\" content=\"2 minutes\" \/>\n<script type=\"application\/ld+json\" class=\"yoast-schema-graph\">{\"@context\":\"https:\/\/schema.org\",\"@graph\":[{\"@type\":\"WebPage\",\"@id\":\"https:\/\/lapandafamily.fr\/\",\"url\":\"https:\/\/lapandafamily.fr\/\",\"name\":\"Accueil - La Panda Family\",\"isPartOf\":{\"@id\":\"https:\/\/lapandafamily.fr\/#website\"},\"primaryImageOfPage\":{\"@id\":\"https:\/\/lapandafamily.fr\/#primaryimage\"},\"image\":{\"@id\":\"https:\/\/lapandafamily.fr\/#primaryimage\"},\"thumbnailUrl\":\"https:\/\/lapandafamily.fr\/wp-content\/uploads\/2024\/11\/logo-avicom.png\",\"datePublished\":\"2024-11-07T11:17:54+00:00\",\"dateModified\":\"2024-11-26T16:25:51+00:00\",\"breadcrumb\":{\"@id\":\"https:\/\/lapandafamily.fr\/#breadcrumb\"},\"inLanguage\":\"fr-FR\",\"potentialAction\":[{\"@type\":\"ReadAction\",\"target\":[\"https:\/\/lapandafamily.fr\/\"]}]},{\"@type\":\"ImageObject\",\"inLanguage\":\"fr-FR\",\"@id\":\"https:\/\/lapandafamily.fr\/#primaryimage\",\"url\":\"https:\/\/lapandafamily.fr\/wp-content\/uploads\/2024\/11\/logo-avicom.png\",\"contentUrl\":\"https:\/\/lapandafamily.fr\/wp-content\/uploads\/2024\/11\/logo-avicom.png\",\"width\":512,\"height\":343},{\"@type\":\"BreadcrumbList\",\"@id\":\"https:\/\/lapandafamily.fr\/#breadcrumb\",\"itemListElement\":[{\"@type\":\"ListItem\",\"position\":1,\"name\":\"Accueil\",\"item\":\"https:\/\/lapandafamily.fr\/\"},{\"@type\":\"ListItem\",\"position\":2,\"name\":\"Accueil\"}]},{\"@type\":\"WebSite\",\"@id\":\"https:\/\/lapandafamily.fr\/#website\",\"url\":\"https:\/\/lapandafamily.fr\/\",\"name\":\"La Panda Family\",\"description\":\"\",\"publisher\":{\"@id\":\"https:\/\/lapandafamily.fr\/#organization\"},\"potentialAction\":[{\"@type\":\"SearchAction\",\"target\":{\"@type\":\"EntryPoint\",\"urlTemplate\":\"https:\/\/lapandafamily.fr\/?s={search_term_string}\"},\"query-input\":{\"@type\":\"PropertyValueSpecification\",\"valueRequired\":true,\"valueName\":\"search_term_string\"}}],\"inLanguage\":\"fr-FR\"},{\"@type\":\"Organization\",\"@id\":\"https:\/\/lapandafamily.fr\/#organization\",\"name\":\"La Panda Family\",\"url\":\"https:\/\/lapandafamily.fr\/\",\"logo\":{\"@type\":\"ImageObject\",\"inLanguage\":\"fr-FR\",\"@id\":\"https:\/\/lapandafamily.fr\/#\/schema\/logo\/image\/\",\"url\":\"https:\/\/lapandafamily.fr\/wp-content\/uploads\/2024\/11\/logo-panda-family-v1.png\",\"contentUrl\":\"https:\/\/lapandafamily.fr\/wp-content\/uploads\/2024\/11\/logo-panda-family-v1.png\",\"width\":1262,\"height\":1162,\"caption\":\"La Panda Family\"},\"image\":{\"@id\":\"https:\/\/lapandafamily.fr\/#\/schema\/logo\/image\/\"}}]}<\/script>\n<!-- \/ Yoast SEO plugin. -->","yoast_head_json":{"title":"Accueil - La Panda Family","robots":{"index":"index","follow":"follow","max-snippet":"max-snippet:-1","max-image-preview":"max-image-preview:large","max-video-preview":"max-video-preview:-1"},"canonical":"https:\/\/lapandafamily.fr\/","og_locale":"fr_FR","og_type":"article","og_title":"Accueil - La Panda Family","og_description":"La cr\u00e9ativit\u00e9 et la performance au service de vos projets. AVICOM&rsquo;, \u00e9galement connue sous le nom d&rsquo;\u00ab\u202fagence des pandas\u202f\u00bb, est une agence de communication 360 bas\u00e9e \u00e0 Lyon, Paris et Grenoble. Depuis le 11 novembre 2011, elle offre une gamme compl\u00e8te de services incluant le conseil strat\u00e9gique, la communication globale, le print, le graphisme, le [&hellip;]","og_url":"https:\/\/lapandafamily.fr\/","og_site_name":"La Panda Family","article_modified_time":"2024-11-26T16:25:51+00:00","og_image":[{"width":512,"height":343,"url":"https:\/\/lapandafamily.fr\/wp-content\/uploads\/2024\/11\/logo-avicom.png","type":"image\/png"}],"twitter_card":"summary_large_image","twitter_misc":{"Dur\u00e9e de lecture estim\u00e9e":"2 minutes"},"schema":{"@context":"https:\/\/schema.org","@graph":[{"@type":"WebPage","@id":"https:\/\/lapandafamily.fr\/","url":"https:\/\/lapandafamily.fr\/","name":"Accueil - La Panda Family","isPartOf":{"@id":"https:\/\/lapandafamily.fr\/#website"},"primaryImageOfPage":{"@id":"https:\/\/lapandafamily.fr\/#primaryimage"},"image":{"@id":"https:\/\/lapandafamily.fr\/#primaryimage"},"thumbnailUrl":"https:\/\/lapandafamily.fr\/wp-content\/uploads\/2024\/11\/logo-avicom.png","datePublished":"2024-11-07T11:17:54+00:00","dateModified":"2024-11-26T16:25:51+00:00","breadcrumb":{"@id":"https:\/\/lapandafamily.fr\/#breadcrumb"},"inLanguage":"fr-FR","potentialAction":[{"@type":"ReadAction","target":["https:\/\/lapandafamily.fr\/"]}]},{"@type":"ImageObject","inLanguage":"fr-FR","@id":"https:\/\/lapandafamily.fr\/#primaryimage","url":"https:\/\/lapandafamily.fr\/wp-content\/uploads\/2024\/11\/logo-avicom.png","contentUrl":"https:\/\/lapandafamily.fr\/wp-content\/uploads\/2024\/11\/logo-avicom.png","width":512,"height":343},{"@type":"BreadcrumbList","@id":"https:\/\/lapandafamily.fr\/#breadcrumb","itemListElement":[{"@type":"ListItem","position":1,"name":"Accueil","item":"https:\/\/lapandafamily.fr\/"},{"@type":"ListItem","position":2,"name":"Accueil"}]},{"@type":"WebSite","@id":"https:\/\/lapandafamily.fr\/#website","url":"https:\/\/lapandafamily.fr\/","name":"La Panda Family","description":"","publisher":{"@id":"https:\/\/lapandafamily.fr\/#organization"},"potentialAction":[{"@type":"SearchAction","target":{"@type":"EntryPoint","urlTemplate":"https:\/\/lapandafamily.fr\/?s={search_term_string}"},"query-input":{"@type":"PropertyValueSpecification","valueRequired":true,"valueName":"search_term_string"}}],"inLanguage":"fr-FR"},{"@type":"Organization","@id":"https:\/\/lapandafamily.fr\/#organization","name":"La Panda Family","url":"https:\/\/lapandafamily.fr\/","logo":{"@type":"ImageObject","inLanguage":"fr-FR","@id":"https:\/\/lapandafamily.fr\/#\/schema\/logo\/image\/","url":"https:\/\/lapandafamily.fr\/wp-content\/uploads\/2024\/11\/logo-panda-family-v1.png","contentUrl":"https:\/\/lapandafamily.fr\/wp-content\/uploads\/2024\/11\/logo-panda-family-v1.png","width":1262,"height":1162,"caption":"La Panda Family"},"image":{"@id":"https:\/\/lapandafamily.fr\/#\/schema\/logo\/image\/"}}]}},"_links":{"self":[{"href":"https:\/\/lapandafamily.fr\/index.php?rest_route=\/wp\/v2\/pages\/7","targetHints":{"allow":["GET"]}}],"collection":[{"href":"https:\/\/lapandafamily.fr\/index.php?rest_route=\/wp\/v2\/pages"}],"about":[{"href":"https:\/\/lapandafamily.fr\/index.php?rest_route=\/wp\/v2\/types\/page"}],"author":[{"embeddable":true,"href":"https:\/\/lapandafamily.fr\/index.php?rest_route=\/wp\/v2\/users\/1"}],"replies":[{"embeddable":true,"href":"https:\/\/lapandafamily.fr\/index.php?rest_route=%2Fwp%2Fv2%2Fcomments&post=7"}],"version-history":[{"count":10,"href":"https:\/\/lapandafamily.fr\/index.php?rest_route=\/wp\/v2\/pages\/7\/revisions"}],"predecessor-version":[{"id":44,"href":"https:\/\/lapandafamily.fr\/index.php?rest_route=\/wp\/v2\/pages\/7\/revisions\/44"}],"wp:attachment":[{"href":"https:\/\/lapandafamily.fr\/index.php?rest_route=%2Fwp%2Fv2%2Fmedia&parent=7"}],"curies":[{"name":"wp","href":"https:\/\/api.w.org\/{rel}","templated":true}]}}